{"id":28,"date":"2022-08-14T13:02:06","date_gmt":"2022-08-14T13:02:06","guid":{"rendered":"https:\/\/chicomazzoni.art.br\/?page_id=28"},"modified":"2025-08-18T12:27:35","modified_gmt":"2025-08-18T12:27:35","slug":"bio","status":"publish","type":"page","link":"https:\/\/chicomazzoni.art.br\/en\/bio\/","title":{"rendered":"Bio"},"content":{"rendered":"<figure class=\"wp-block-image size-medium is-resized\"><img loading=\"lazy\" decoding=\"async\" width=\"657\" height=\"800\" src=\"https:\/\/chicomazzoni.art.br\/wp-content\/uploads\/chico_mazzoni-657x800.jpg\" alt=\"\" class=\"wp-image-886\" style=\"width:403px;height:auto\" srcset=\"https:\/\/chicomazzoni.art.br\/wp-content\/uploads\/chico_mazzoni-657x800.jpg 657w, https:\/\/chicomazzoni.art.br\/wp-content\/uploads\/chico_mazzoni-822x1000.jpg 822w, https:\/\/chicomazzoni.art.br\/wp-content\/uploads\/chico_mazzoni-768x935.jpg 768w, https:\/\/chicomazzoni.art.br\/wp-content\/uploads\/chico_mazzoni-10x12.jpg 10w, https:\/\/chicomazzoni.art.br\/wp-content\/uploads\/chico_mazzoni.jpg 1160w\" sizes=\"auto, (max-width: 657px) 100vw, 657px\" \/><\/figure>\n\n\n\n<h1 class=\"wp-block-heading\">Chico Mazzoni<\/h1>\n\n\n\n<p>Come\u00e7ando com desenhos muito puros, quase displicentes, fez-se uma primeira mostra, quase de improviso (Chico Mazzoni \u2013 desenhos). Vai-se ent\u00e3o para a trama das imagens absolutas (Imagin\u00e1lia), desprovidas de textos e bulas, puramente desenhadas. Entra-se, em seguida na trama da cor (Arte-de-cor). Arte feita s\u00f3 de cor como faria um Matisse ou um C\u00e9zanne? Muito impactante, mas chapada, cristalizada, carente da a\u00e7\u00e3o. Mergulha-se ent\u00e3o no drama que os olhos podem capturar. A cena pela \u00f3tica, a cin\u00e9tica, a semi\u00f3tica: Cena&amp;\u00d3tica. Personagens deliberadamente em marca\u00e7\u00e3o c\u00eanica, em pintura absoluta, mas o show tem que continuar\u2026a pureza do desenho come\u00e7ou a faltar. Logo viaja-se para o ZEN (deZENho), o essencial, o uno e nele s\u00f3 o desenho nos redime e nos ressignifica. Dois anos de beliger\u00e2ncias entre as duas forma\u00e7\u00f5es de Chico (artista e arquiteto) resultaram em di\u00e1sporas e dicotomias expostas em Par ou \u00cdmpar, mostra das coisas e seus duplos ou seus opostos que fecha o ciclo construtivo, at\u00e9 o surgimento da luz no fim do t\u00fanel, literalmente. Deriva na mostra \u201cPor esta luz q me alumia\u201d, de exclusiva pintura sobre tela, t\u00e9cnica que enfatiza o pouso insuspeitado da luz sobre variadas figuras. A trama da luz perdura at\u00e9 a exposi\u00e7\u00e3o seguinte \u201cEsta\u00e7\u00e3o da Luz\u201d, mas a\u00ed a pintura, aplicada agora com maior rigor, adquire solenidades para compor uma tecitura de entidades iluminadas. Essa tend\u00eancia ao ic\u00f4nico, ao hier\u00e1tico, conduz ao arquet\u00edpico: os mitos. Faz-se a exposi\u00e7\u00e3o \u201cMil\u00eanios no ar\u201d um passeio sobre os mitos concretos (e abstratos como o olhar). A figura ganha olhos, c\u00e9rebro, pensamento e um discurso. J\u00e1 que \u00e9 assim, inaugura-se, finalmente, o per\u00edodo dos projetos de arte, nesta trajet\u00f3ria. O artista permite-se agora instrumentalizar este cabedal para resolver as quest\u00f5es primordiais de sua persona e prop\u00f5e a Brasiliana \u2013 uma mostra exclusivamente tem\u00e1tica, que marca seus 20 anos de arte. \u00c9 a arte a servi\u00e7o de um projeto subjetivo, sem nenhum pudor e com resultados de s\u00edntese importantes. Cansado das profundidades das duas mostras anteriores, ele vem \u00e0 superf\u00edcie e encontra, nas rasuras, motivos para, mais uma vez, fazer a arte emergir: \u00e9 a trama do pop que domina agora a express\u00e3o de um mundo globalizado (POP-UP). Consolida-se a fase da tinta acr\u00edlica dimensional, com seu relevo e suas tonalidades cintilantes, que vai, gradativamente, aposentando os pinc\u00e9is: o desenho r\u00e1pido sa\u00eddo do bico da bisnaga que se solidifica em baixos relevos contrapostos a fundos chapados. Novos dilemas, novas encruzilhadas, novas esfinges: \u201cdecifra-me ou devoro-te\u201d. E a necessidade de costurar ambival\u00eancias, dicotomias, di\u00e1sporas, para resolver mais uma quest\u00e3o: artista\/arquiteto, artista, arquiteto. Inquieto. Outro projeto, outro tema: as Cidades Invis\u00edveis. Afinal onde falta\/sobra arte na minha arquitetura e onde falta\/sobra arquitetura na minha arte? A mostra vem para responder o dilema do artista. As cidades mostram a ele todos os vieses, arquitet\u00f4nicos, urban\u00edsticos, est\u00e9ticos, psicol\u00f3gicos e cr\u00edticos.<\/p>\n\n\n\n<p>TRAMAS SINCERAS constitui-se numa reflex\u00e3o importante sobre as mostras realizadas nestes primeiros 30 anos. Nela Chico n\u00e3o se contenta em revisitar-se e muito menos se subtrai a seus temas ou seus assuntos de interesse, suas t\u00e9cnicas, sua linguagem, mas depura tudo isto numa trama nova.<\/p>\n\n\n\n<p>RETRATOS DO MUNDO FLUTUANTE apresenta agora as paisagens imagin\u00e1rias e quase completamente abstratas do artista, instigando o observador a procurar fios que o conduzam a uma nova dimens\u00e3o, \u00e0s vezes desconcertante, mas sempre in\u00e9dita revelando-lhe o indiz\u00edvel, fun\u00e7\u00e3o do artista.<\/p>\n\n\n\n<p>RETRATO FALADO realiza um velho projeto de pintar modelos reais e \u201cvest\u00ed-los\u201d como personagens not\u00e1veis da hist\u00f3ria, comemorando 40 anos de carreira. Sem preocupa\u00e7\u00f5es com a verossimilhan\u00e7a e sim com uma atmosfera, um desejo dos retratados. Esp\u00e9cie de realismo fant\u00e1stico, cada modelo foi retratado como se fosse o seu pr\u00f3prio \u00e1lter ego.<br>EXCELSOS EXCESSOS \u2013 Reciclagem do Barroco esta s\u00e9rie se inspira no estilo barroco, com seus excelsos excessos, a servi\u00e7o de sua miss\u00e3o religiosa, que tamb\u00e9m se estende \u00e0s demais zonas laicas da cultura. Trata-se, por\u00e9m, de um conjunto contempor\u00e2neo, incluindo novas t\u00e9cnicas de express\u00e3o pl\u00e1stica que incorporam, inclusive, a reciclagem de materiais descart\u00e1veis. A exposi\u00e7\u00e3o integra pe\u00e7as do acervo do Museu da Miseric\u00f3rdia, selecionadas como contraponto \u00e0s pinturas do artista.<\/p>\n\n\n\n<hr class=\"wp-block-separator has-alpha-channel-opacity\"\/>\n\n\n\n<div class=\"wp-block-group small-txt\"><div class=\"wp-block-group__inner-container is-layout-flow wp-block-group-is-layout-flow\">\n<h3 class=\"wp-block-heading\">Solo Exhibitions<\/h3>\n\n\n\n<ul class=\"wp-block-list\">\n<li>1983 CHICO MAZZONI - DESENHOS - Alian\u00e7a Francesa, SSA, Ba \/ Galeria do CCCP, Itabuna, Ba<\/li>\n\n\n\n<li>1984 IMAGIN\u00c1LIA - Hotel Meridien, SSA\/Ba<\/li>\n\n\n\n<li>1985 ARTE-DE-COR - Forma, SSA\/Ba<\/li>\n\n\n\n<li>1987 CENA &amp; \u00d3TICA - Forma, SSA\/Ba<\/li>\n\n\n\n<li>1988 DeZENho - Museu de Arte da Bahia, SSA\/Ba -<\/li>\n\n\n\n<li>FOTOGRAMA - 18 do Paschoal, SSA\/Ba<\/li>\n\n\n\n<li>1990 PAR OU \u00cdMPAR - Inst. Goethe \/ ICBA, SSA\/Ba,<\/li>\n\n\n\n<li>1992 CHICO MAZZONI - C. Cult. \u00c1frica, Vera Cruz\/ Ba<\/li>\n\n\n\n<li>1995 Por esta luz que me alumia - Diagrama, SSA\/ Ba<\/li>\n\n\n\n<li>1997 ESTA\u00c7\u00c3O DA LUZ \u2013Museu de Arte Sacra, SSA\/ Ba<\/li>\n\n\n\n<li>2000 MIL\u00caNIOS NO AR - Bahia Design Center, SSA\/ Ba<\/li>\n\n\n\n<li>2003 BRASILIANA - EBEC Galeria de Arte, SSA\/ Ba<\/li>\n\n\n\n<li>2006 POP-UP - EBEC Galeria de Arte, SSA\/ Ba<\/li>\n\n\n\n<li>2008 VINTE E CINCO\u2013 Art Factory-Consul da Hol.,SSA\/Ba<\/li>\n\n\n\n<li>2010 CIDADES INVIS\u00cdVEIS\u2013 C. C. Correios, SSA\/Bahia,<\/li>\n\n\n\n<li>2014 TRAMAS SINCERAS - Palacete das Artes, SSA, Ba<\/li>\n\n\n\n<li>2017 RETRATOS DO MUNDO FLUTUANTE - MAM, SSA\/ Ba<\/li>\n\n\n\n<li>2021 EXCELSOS EXCESSOS - Exposi\u00e7\u00e3o virtual<\/li>\n\n\n\n<li>2023 RETRATO FALADO - Museu N\u00e1utico da Ba - SSA\/Ba<\/li>\n\n\n\n<li>2025 EXCELSOS EXCESSOS - Museu da Miseric\u00f3rdia BA<\/li>\n<\/ul>\n\n\n\n<h3 class=\"wp-block-heading\">Principais exposi\u00e7\u00f5es coletivas<\/h3>\n\n\n\n<ul class=\"wp-block-list\">\n<li>1979 2\u00aa BIENN. D\u2019ARTE SANTA CHIARA \u2013 N\u00e1poles, IT\u00c1LIA.<\/li>\n\n\n\n<li>1980 TEMPO \u2013 Casa dello Studente, Firenze, IT\u00c1LIA.<\/li>\n\n\n\n<li>1984 DA ARTE DOS JOGOS- Pirandello, S\u00e3o Paulo, SP - IV Sal\u00e3o. Bra. de Arte-Fund. Mokiti Okada, SP\/SP<\/li>\n\n\n\n<li>1987 Grafik aus BRASILIEN\u2013Kleine Gallery,Viena, \u00c1USTRIA.<\/li>\n\n\n\n<li>1999 100 artistas pl\u00e1sticos \u2013 M. de Arte Sacra\u2013SSA\/ BA,<\/li>\n\n\n\n<li>2001 Mestres da arte baiana \u2013 Mus. N\u00e1utico \u2013 SSA\/ Ba, Pinturas em gesto de paz \u2013 C. C. Caixa \u2013 SSA\/ Ba,<\/li>\n\n\n\n<li>2003 HOMENAGEM A CARYB\u00c9 \u2013 EBEC Gal. SSA\/ Bahia,<\/li>\n\n\n\n<li>2004 MATILDE \u2013 homenagem - EBEC Gal. \u2013 SSA\/Ba<\/li>\n\n\n\n<li>2006 Bel Borba e Chico Mazzoni\u2013 Banho Design, SA\/Ba<\/li>\n\n\n\n<li>2011 EXPOSI\u00c7\u00c3O SANT\u2019ANA \u2013 MAB, Salvador\/Ba<\/li>\n\n\n\n<li>2012 \u00c1guas, reflexos na arte baiana\u2013EBEC Gal.\u2013 SA\/Ba<\/li>\n\n\n\n<li>2013 50 anos de arte na Bahia \u2013 C.C. Caixa, SSA\/Ba<\/li>\n\n\n\n<li>2017 EXpoart Brasil UK \u2013 Espacio Gallery \u2013 London \/ UK<\/li>\n\n\n\n<li>2018 SEGUNDO TEMPO \u2013 Palacete das Artes, SSA\/Ba<\/li>\n\n\n\n<li>2022 Um recorte da produ\u00e7\u00e3o diversa e contempor\u00e2nea na Bahia, Palacete das Artes\/Ba<\/li>\n\n\n\n<li>2023 2 DE JULHO - Galeria Ca\u00f1izares, EBA, SSA\/BA<\/li>\n\n\n\n<li>2023 ARTES VISUAIS \u2013 Academia de Letras da Bahia. (Exposi\u00e7\u00e3o virtual)<\/li>\n<\/ul>\n\n\n\n<h3 class=\"wp-block-heading\">Projetos especiais<\/h3>\n\n\n\n<ul class=\"wp-block-list\">\n<li>MESTRES DA ARTE BAIANA \u2013 TV BAHIA &amp; BANEB \u2013 Clip de TV de 25 artistas, Set 2000\/ Jan 2001, Bahia, BRASIL.<\/li>\n\n\n\n<li>Capa do livro HIST\u00d3RIAS DE PINDORAMA de Silvio Benevides, Editora Fib, 2003\/ Bahia, BRASIL.<\/li>\n\n\n\n<li>Ilustra\u00e7\u00f5es para o BANCO CAPITAL \u2013 Convite a dois artistas: Chico Mazzoni e Gil M\u00e1rio. Ilustra\u00e7\u00e3o p\/ tal\u00e3o, cart\u00f5es e camisetas 2006\/ Bahia, BRASIL.<\/li>\n\n\n\n<li>Festejos dos 250 ANOS DA IGREJA-MATRIZ DA PAR\u00d3QUIA DO SANT\u00cdSSIMO SACRAMENTO DE SANT\u2019ANA composto de<\/li>\n\n\n\n<li>Exposi\u00e7\u00e3o no Museu de Arte da Bahia, com curadoria da Prova do Artista e lan\u00e7amento do livro<\/li>\n\n\n\n<li>\u201cSant\u2019Ana em Tempo e Mem\u00f3ria\u201d, de Socorro Martinez, com publica\u00e7\u00e3o das obras dos artistas, 2011\/ Bahia, BRASIL.<\/li>\n\n\n\n<li>Projeto MACACOS DECORADOS, promovido pela MAC ART - Arte Pela Vida, julho 2013\/ Bahia, BRASIL.<\/li>\n\n\n\n<li>Projeto CATTPARADE, promovido pela Gatto Empreendimentos Ltda, julho 2013\/ Bahia, BRASIL.<\/li>\n\n\n\n<li>Projeto CAMINHOS DA F\u00c9 \u2013 Totens sobre Irm\u00e3 Dulce e a Festa do Bonfim, coord. Juarez Paraiso, dez 2020\/ Bahia, BRASIL.<\/li>\n<\/ul>\n\n\n\n<h3 class=\"wp-block-heading\">Reportagens e cita\u00e7\u00f5es<\/h3>\n\n\n\n<ul class=\"wp-block-list\">\n<li>\u201cCARAS, CLIMAS E VOLUMES\u201d - Reportagem de Eduardo Logullo- Revista INTERVIW AD, No. 111 1988 -, S\u00e3o Paulo, BRASIL.<\/li>\n\n\n\n<li>\u201cBahia, minha preta\u201d - Cita\u00e7\u00e3o e foto em reportagem de Eduardo Logullo, Revista TRAVEL IN, 1994, S\u00e3o Paulo, BRASIL.<\/li>\n\n\n\n<li>\u201c100 Artistas Pl\u00e1sticos da Bahia\u201d - P\u00e1gina de com texto e foto publicado pela Galeria Prova do Artista, 1999 \/Bahia, BRASIL.<\/li>\n\n\n\n<li>\u201cArte em dois tempos-CHICO MAZZONI &amp; BEL BORBA\u201d - Report. de Matilde Matos - Jornal Soter\u00f3polis -2000\/Ba, BRASIL.<\/li>\n\n\n\n<li>\u201cChico Mazzoni: Contemporary Figuration\u201d SOUTHWARD ART- Latin American Review, 2002\/Buenos Aires, Argentina<\/li>\n\n\n\n<li>\u201c50 Anos de Arte na Bahia\u201d -Livro de Matilde Matos - Salvador\/Bahia 2010<\/li>\n\n\n\n<li>\u201c\u00c1GUAS - REFLEXOS NA ARTE DA BAHIA\u201d - Matilde Matos Caramur\u00ea Publica\u00e7\u00e3o - Salvador\/Ba, 2012<\/li>\n\n\n\n<li>\u201cQuando o m\u00e9todo se alia \u00e0 fantasia\u201d - Coluna Olhares - Jornal A TARDE - Salvador\/Ba, 2024<\/li>\n<\/ul>\n<\/div><\/div>","protected":false},"excerpt":{"rendered":"<p>Chico Mazzoni Come\u00e7ando com desenhos muito puros, quase displicentes, fez-se uma primeira mostra, quase de improviso (Chico Mazzoni \u2013 desenhos). Vai-se ent\u00e3o para a trama das imagens absolutas (Imagin\u00e1lia), desprovidas de textos e bulas, puramente desenhadas. Entra-se, em seguida na trama da cor (Arte-de-cor). Arte feita s\u00f3 de cor como faria um Matisse ou um [&hellip;]<\/p>\n","protected":false},"author":1,"featured_media":886,"parent":0,"menu_order":3,"comment_status":"closed","ping_status":"closed","template":"","meta":{"inline_featured_image":false,"footnotes":""},"class_list":["post-28","page","type-page","status-publish","has-post-thumbnail","hentry"],"yoast_head":"<!-- This site is optimized with the Yoast SEO plugin v27.4 - https:\/\/yoast.com\/product\/yoast-seo-wordpress\/ -->\n<title>Bio - Chico Mazzoni<\/title>\n<meta name=\"robots\" content=\"index, follow, max-snippet:-1, max-image-preview:large, max-video-preview:-1\" \/>\n<link rel=\"canonical\" href=\"https:\/\/chicomazzoni.art.br\/en\/bio\/\" \/>\n<meta property=\"og:locale\" content=\"en_US\" \/>\n<meta property=\"og:type\" content=\"article\" \/>\n<meta property=\"og:title\" content=\"Bio - Chico Mazzoni\" \/>\n<meta property=\"og:description\" content=\"Chico Mazzoni Come\u00e7ando com desenhos muito puros, quase displicentes, fez-se uma primeira mostra, quase de improviso (Chico Mazzoni \u2013 desenhos). Vai-se ent\u00e3o para a trama das imagens absolutas (Imagin\u00e1lia), desprovidas de textos e bulas, puramente desenhadas. Entra-se, em seguida na trama da cor (Arte-de-cor). Arte feita s\u00f3 de cor como faria um Matisse ou um [&hellip;]\" \/>\n<meta property=\"og:url\" content=\"https:\/\/chicomazzoni.art.br\/en\/bio\/\" \/>\n<meta property=\"og:site_name\" content=\"Chico Mazzoni\" \/>\n<meta property=\"article:modified_time\" content=\"2025-08-18T12:27:35+00:00\" \/>\n<meta property=\"og:image\" content=\"https:\/\/chicomazzoni.art.br\/wp-content\/uploads\/chico_mazzoni.jpg\" \/>\n\t<meta property=\"og:image:width\" content=\"1160\" \/>\n\t<meta property=\"og:image:height\" content=\"1412\" \/>\n\t<meta property=\"og:image:type\" content=\"image\/jpeg\" \/>\n<meta name=\"twitter:card\" content=\"summary_large_image\" \/>\n<meta name=\"twitter:label1\" content=\"Est. reading time\" \/>\n\t<meta name=\"twitter:data1\" content=\"8 minutes\" \/>\n<script type=\"application\/ld+json\" class=\"yoast-schema-graph\">{\"@context\":\"https:\\\/\\\/schema.org\",\"@graph\":[{\"@type\":\"WebPage\",\"@id\":\"https:\\\/\\\/chicomazzoni.art.br\\\/bio\\\/\",\"url\":\"https:\\\/\\\/chicomazzoni.art.br\\\/bio\\\/\",\"name\":\"Bio - Chico Mazzoni\",\"isPartOf\":{\"@id\":\"https:\\\/\\\/chicomazzoni.art.br\\\/#website\"},\"primaryImageOfPage\":{\"@id\":\"https:\\\/\\\/chicomazzoni.art.br\\\/bio\\\/#primaryimage\"},\"image\":{\"@id\":\"https:\\\/\\\/chicomazzoni.art.br\\\/bio\\\/#primaryimage\"},\"thumbnailUrl\":\"https:\\\/\\\/chicomazzoni.art.br\\\/wp-content\\\/uploads\\\/chico_mazzoni.jpg\",\"datePublished\":\"2022-08-14T13:02:06+00:00\",\"dateModified\":\"2025-08-18T12:27:35+00:00\",\"breadcrumb\":{\"@id\":\"https:\\\/\\\/chicomazzoni.art.br\\\/bio\\\/#breadcrumb\"},\"inLanguage\":\"en-US\",\"potentialAction\":[{\"@type\":\"ReadAction\",\"target\":[\"https:\\\/\\\/chicomazzoni.art.br\\\/bio\\\/\"]}]},{\"@type\":\"ImageObject\",\"inLanguage\":\"en-US\",\"@id\":\"https:\\\/\\\/chicomazzoni.art.br\\\/bio\\\/#primaryimage\",\"url\":\"https:\\\/\\\/chicomazzoni.art.br\\\/wp-content\\\/uploads\\\/chico_mazzoni.jpg\",\"contentUrl\":\"https:\\\/\\\/chicomazzoni.art.br\\\/wp-content\\\/uploads\\\/chico_mazzoni.jpg\",\"width\":1160,\"height\":1412},{\"@type\":\"BreadcrumbList\",\"@id\":\"https:\\\/\\\/chicomazzoni.art.br\\\/bio\\\/#breadcrumb\",\"itemListElement\":[{\"@type\":\"ListItem\",\"position\":1,\"name\":\"In\u00edcio\",\"item\":\"https:\\\/\\\/chicomazzoni.art.br\\\/\"},{\"@type\":\"ListItem\",\"position\":2,\"name\":\"Bio\"}]},{\"@type\":\"WebSite\",\"@id\":\"https:\\\/\\\/chicomazzoni.art.br\\\/#website\",\"url\":\"https:\\\/\\\/chicomazzoni.art.br\\\/\",\"name\":\"Chico Mazzoni\",\"description\":\"Taget\u00f3ria e obras do artista pl\u00e1stico Chico Mazzoni\",\"publisher\":{\"@id\":\"https:\\\/\\\/chicomazzoni.art.br\\\/#\\\/schema\\\/person\\\/72c3570b53807c101ac994d076b9aee3\"},\"potentialAction\":[{\"@type\":\"SearchAction\",\"target\":{\"@type\":\"EntryPoint\",\"urlTemplate\":\"https:\\\/\\\/chicomazzoni.art.br\\\/?s={search_term_string}\"},\"query-input\":{\"@type\":\"PropertyValueSpecification\",\"valueRequired\":true,\"valueName\":\"search_term_string\"}}],\"inLanguage\":\"en-US\"},{\"@type\":[\"Person\",\"Organization\"],\"@id\":\"https:\\\/\\\/chicomazzoni.art.br\\\/#\\\/schema\\\/person\\\/72c3570b53807c101ac994d076b9aee3\",\"name\":\"admin\",\"image\":{\"@type\":\"ImageObject\",\"inLanguage\":\"en-US\",\"@id\":\"https:\\\/\\\/chicomazzoni.art.br\\\/wp-content\\\/uploads\\\/virginia-de-medeiros-640x610-1.jpg\",\"url\":\"https:\\\/\\\/chicomazzoni.art.br\\\/wp-content\\\/uploads\\\/virginia-de-medeiros-640x610-1.jpg\",\"contentUrl\":\"https:\\\/\\\/chicomazzoni.art.br\\\/wp-content\\\/uploads\\\/virginia-de-medeiros-640x610-1.jpg\",\"width\":640,\"height\":610,\"caption\":\"admin\"},\"logo\":{\"@id\":\"https:\\\/\\\/chicomazzoni.art.br\\\/wp-content\\\/uploads\\\/virginia-de-medeiros-640x610-1.jpg\"},\"sameAs\":[\"https:\\\/\\\/chicomazzoni.art.br\"]}]}<\/script>\n<!-- \/ Yoast SEO plugin. -->","yoast_head_json":{"title":"Bio - Chico Mazzoni","robots":{"index":"index","follow":"follow","max-snippet":"max-snippet:-1","max-image-preview":"max-image-preview:large","max-video-preview":"max-video-preview:-1"},"canonical":"https:\/\/chicomazzoni.art.br\/en\/bio\/","og_locale":"en_US","og_type":"article","og_title":"Bio - Chico Mazzoni","og_description":"Chico Mazzoni Come\u00e7ando com desenhos muito puros, quase displicentes, fez-se uma primeira mostra, quase de improviso (Chico Mazzoni \u2013 desenhos). Vai-se ent\u00e3o para a trama das imagens absolutas (Imagin\u00e1lia), desprovidas de textos e bulas, puramente desenhadas. Entra-se, em seguida na trama da cor (Arte-de-cor). Arte feita s\u00f3 de cor como faria um Matisse ou um [&hellip;]","og_url":"https:\/\/chicomazzoni.art.br\/en\/bio\/","og_site_name":"Chico Mazzoni","article_modified_time":"2025-08-18T12:27:35+00:00","og_image":[{"width":1160,"height":1412,"url":"https:\/\/chicomazzoni.art.br\/wp-content\/uploads\/chico_mazzoni.jpg","type":"image\/jpeg"}],"twitter_card":"summary_large_image","twitter_misc":{"Est. reading time":"8 minutes"},"schema":{"@context":"https:\/\/schema.org","@graph":[{"@type":"WebPage","@id":"https:\/\/chicomazzoni.art.br\/bio\/","url":"https:\/\/chicomazzoni.art.br\/bio\/","name":"Bio - Chico Mazzoni","isPartOf":{"@id":"https:\/\/chicomazzoni.art.br\/#website"},"primaryImageOfPage":{"@id":"https:\/\/chicomazzoni.art.br\/bio\/#primaryimage"},"image":{"@id":"https:\/\/chicomazzoni.art.br\/bio\/#primaryimage"},"thumbnailUrl":"https:\/\/chicomazzoni.art.br\/wp-content\/uploads\/chico_mazzoni.jpg","datePublished":"2022-08-14T13:02:06+00:00","dateModified":"2025-08-18T12:27:35+00:00","breadcrumb":{"@id":"https:\/\/chicomazzoni.art.br\/bio\/#breadcrumb"},"inLanguage":"en-US","potentialAction":[{"@type":"ReadAction","target":["https:\/\/chicomazzoni.art.br\/bio\/"]}]},{"@type":"ImageObject","inLanguage":"en-US","@id":"https:\/\/chicomazzoni.art.br\/bio\/#primaryimage","url":"https:\/\/chicomazzoni.art.br\/wp-content\/uploads\/chico_mazzoni.jpg","contentUrl":"https:\/\/chicomazzoni.art.br\/wp-content\/uploads\/chico_mazzoni.jpg","width":1160,"height":1412},{"@type":"BreadcrumbList","@id":"https:\/\/chicomazzoni.art.br\/bio\/#breadcrumb","itemListElement":[{"@type":"ListItem","position":1,"name":"In\u00edcio","item":"https:\/\/chicomazzoni.art.br\/"},{"@type":"ListItem","position":2,"name":"Bio"}]},{"@type":"WebSite","@id":"https:\/\/chicomazzoni.art.br\/#website","url":"https:\/\/chicomazzoni.art.br\/","name":"Chico Mazzoni","description":"Taget\u00f3ria e obras do artista pl\u00e1stico Chico Mazzoni","publisher":{"@id":"https:\/\/chicomazzoni.art.br\/#\/schema\/person\/72c3570b53807c101ac994d076b9aee3"},"potentialAction":[{"@type":"SearchAction","target":{"@type":"EntryPoint","urlTemplate":"https:\/\/chicomazzoni.art.br\/?s={search_term_string}"},"query-input":{"@type":"PropertyValueSpecification","valueRequired":true,"valueName":"search_term_string"}}],"inLanguage":"en-US"},{"@type":["Person","Organization"],"@id":"https:\/\/chicomazzoni.art.br\/#\/schema\/person\/72c3570b53807c101ac994d076b9aee3","name":"admin","image":{"@type":"ImageObject","inLanguage":"en-US","@id":"https:\/\/chicomazzoni.art.br\/wp-content\/uploads\/virginia-de-medeiros-640x610-1.jpg","url":"https:\/\/chicomazzoni.art.br\/wp-content\/uploads\/virginia-de-medeiros-640x610-1.jpg","contentUrl":"https:\/\/chicomazzoni.art.br\/wp-content\/uploads\/virginia-de-medeiros-640x610-1.jpg","width":640,"height":610,"caption":"admin"},"logo":{"@id":"https:\/\/chicomazzoni.art.br\/wp-content\/uploads\/virginia-de-medeiros-640x610-1.jpg"},"sameAs":["https:\/\/chicomazzoni.art.br"]}]}},"_links":{"self":[{"href":"https:\/\/chicomazzoni.art.br\/en\/wp-json\/wp\/v2\/pages\/28","targetHints":{"allow":["GET"]}}],"collection":[{"href":"https:\/\/chicomazzoni.art.br\/en\/wp-json\/wp\/v2\/pages"}],"about":[{"href":"https:\/\/chicomazzoni.art.br\/en\/wp-json\/wp\/v2\/types\/page"}],"author":[{"embeddable":true,"href":"https:\/\/chicomazzoni.art.br\/en\/wp-json\/wp\/v2\/users\/1"}],"replies":[{"embeddable":true,"href":"https:\/\/chicomazzoni.art.br\/en\/wp-json\/wp\/v2\/comments?post=28"}],"version-history":[{"count":26,"href":"https:\/\/chicomazzoni.art.br\/en\/wp-json\/wp\/v2\/pages\/28\/revisions"}],"predecessor-version":[{"id":900,"href":"https:\/\/chicomazzoni.art.br\/en\/wp-json\/wp\/v2\/pages\/28\/revisions\/900"}],"wp:featuredmedia":[{"embeddable":true,"href":"https:\/\/chicomazzoni.art.br\/en\/wp-json\/wp\/v2\/media\/886"}],"wp:attachment":[{"href":"https:\/\/chicomazzoni.art.br\/en\/wp-json\/wp\/v2\/media?parent=28"}],"curies":[{"name":"wp","href":"https:\/\/api.w.org\/{rel}","templated":true}]}}