{"id":3,"date":"2022-08-13T23:39:34","date_gmt":"2022-08-13T23:39:34","guid":{"rendered":"https:\/\/chicomazzoni.art.br\/?page_id=3"},"modified":"2023-04-04T01:47:58","modified_gmt":"2023-04-04T01:47:58","slug":"politica-de-cookies","status":"publish","type":"page","link":"https:\/\/chicomazzoni.art.br\/en\/politica-de-cookies\/","title":{"rendered":"Pol\u00edtica de Cookies"},"content":{"rendered":"<h1 class=\"wp-block-heading\">Pol\u00edtica de Cookies<\/h1>\n\n\n\n<h2 class=\"wp-block-heading\">O que s\u00e3o Cookies<\/h2>\n\n\n\n<p>Cookies s\u00e3o pequenos arquivos de texto usados para armazenar informa\u00e7\u00f5es. Eles s\u00e3o armazenados em seu dispositivo quando o site \u00e9 carregado em seu navegador. Esses cookies nos ajudam a fazer o site funcionar corretamente, torn\u00e1-lo mais seguro, fornecer uma melhor experi\u00eancia e analisar o que pode ser melhorado.<\/p>\n\n\n\n<h2 class=\"wp-block-heading\">Como usamos cookies<\/h2>\n\n\n\n<p>Como a maioria dos servi\u00e7os online, nosso site usa cookies prim\u00e1rios e de terceiros para diversos fins. Os cookies prim\u00e1rios s\u00e3o necess\u00e1rios para o funcionamento correto do site e n\u00e3o coletam nenhum de seus dados de identifica\u00e7\u00e3o pessoal. Os cookies de terceiros s\u00e3o principalmente para entender como voc\u00ea interage com nosso site, mantendo nossos servi\u00e7os seguros e, em suma, proporcionando-lhe uma experi\u00eancia de usu\u00e1rio aprimorada e ajuda acelerar suas futuras intera\u00e7\u00f5es com nosso site.<\/p>\n\n\n\n<h2 class=\"wp-block-heading\">Tipos de cookies usados<\/h2>\n\n\n\n<p>Essencial: Alguns cookies s\u00e3o essenciais para que voc\u00ea possa experimentar todas as funcionalidades do nosso site. Eles nos permitem manter as sess\u00f5es do usu\u00e1rio e prevenir quaisquer amea\u00e7as \u00e0 seguran\u00e7a. Eles n\u00e3o coletam e armazenam nenhuma informa\u00e7\u00e3o pessoal.<\/p>\n\n\n\n<p>Estat\u00edsticas: Estes cookies armazenam informa\u00e7\u00f5es como o n\u00famero de visitantes do site, o n\u00famero de visitantes \u00fanicos, quais p\u00e1ginas do site foram visitadas, a origem da visita, etc. Esses dados nos ajudam a compreender e analisar o desempenho do site e onde precisa de melhorias.<\/p>\n\n\n\n<p>Funcional: Estes s\u00e3o os cookies que auxiliam certas funcionalidades n\u00e3o essenciais em nosso site. Essas funcionalidades incluem a incorpora\u00e7\u00e3o de conte\u00fado como v\u00eddeos ou o compartilhamento de conte\u00fado do site em plataformas de m\u00eddia social.<\/p>","protected":false},"excerpt":{"rendered":"<p>Pol\u00edtica de Cookies O que s\u00e3o Cookies Cookies s\u00e3o pequenos arquivos de texto usados para armazenar informa\u00e7\u00f5es. Eles s\u00e3o armazenados em seu dispositivo quando o site \u00e9 carregado em seu navegador. Esses cookies nos ajudam a fazer o site funcionar corretamente, torn\u00e1-lo mais seguro, fornecer uma melhor experi\u00eancia e analisar o que pode ser melhorado. [&hellip;]<\/p>\n","protected":false},"author":1,"featured_media":0,"parent":0,"menu_order":22,"comment_status":"closed","ping_status":"closed","template":"","meta":{"inline_featured_image":false,"footnotes":""},"class_list":["post-3","page","type-page","status-publish","hentry"],"yoast_head":"<!-- This site is optimized with the Yoast SEO plugin v27.3 - https:\/\/yoast.com\/product\/yoast-seo-wordpress\/ -->\n<title>Pol\u00edtica de Cookies - Chico Mazzoni<\/title>\n<meta name=\"robots\" content=\"index, follow, max-snippet:-1, max-image-preview:large, max-video-preview:-1\" \/>\n<link rel=\"canonical\" href=\"https:\/\/chicomazzoni.art.br\/en\/politica-de-cookies\/\" \/>\n<meta property=\"og:locale\" content=\"en_US\" \/>\n<meta property=\"og:type\" content=\"article\" \/>\n<meta property=\"og:title\" content=\"Pol\u00edtica de Cookies - Chico Mazzoni\" \/>\n<meta property=\"og:description\" content=\"Pol\u00edtica de Cookies O que s\u00e3o Cookies Cookies s\u00e3o pequenos arquivos de texto usados para armazenar informa\u00e7\u00f5es. Eles s\u00e3o armazenados em seu dispositivo quando o site \u00e9 carregado em seu navegador. Esses cookies nos ajudam a fazer o site funcionar corretamente, torn\u00e1-lo mais seguro, fornecer uma melhor experi\u00eancia e analisar o que pode ser melhorado. [&hellip;]\" \/>\n<meta property=\"og:url\" content=\"https:\/\/chicomazzoni.art.br\/en\/politica-de-cookies\/\" \/>\n<meta property=\"og:site_name\" content=\"Chico Mazzoni\" \/>\n<meta property=\"article:modified_time\" content=\"2023-04-04T01:47:58+00:00\" \/>\n<meta name=\"twitter:card\" content=\"summary_large_image\" \/>\n<meta name=\"twitter:label1\" content=\"Est. reading time\" \/>\n\t<meta name=\"twitter:data1\" content=\"2 minutes\" \/>\n<script type=\"application\/ld+json\" class=\"yoast-schema-graph\">{\"@context\":\"https:\\\/\\\/schema.org\",\"@graph\":[{\"@type\":\"WebPage\",\"@id\":\"https:\\\/\\\/chicomazzoni.art.br\\\/politica-de-cookies\\\/\",\"url\":\"https:\\\/\\\/chicomazzoni.art.br\\\/politica-de-cookies\\\/\",\"name\":\"Pol\u00edtica de Cookies - Chico Mazzoni\",\"isPartOf\":{\"@id\":\"https:\\\/\\\/chicomazzoni.art.br\\\/#website\"},\"datePublished\":\"2022-08-13T23:39:34+00:00\",\"dateModified\":\"2023-04-04T01:47:58+00:00\",\"breadcrumb\":{\"@id\":\"https:\\\/\\\/chicomazzoni.art.br\\\/politica-de-cookies\\\/#breadcrumb\"},\"inLanguage\":\"en-US\",\"potentialAction\":[{\"@type\":\"ReadAction\",\"target\":[\"https:\\\/\\\/chicomazzoni.art.br\\\/politica-de-cookies\\\/\"]}]},{\"@type\":\"BreadcrumbList\",\"@id\":\"https:\\\/\\\/chicomazzoni.art.br\\\/politica-de-cookies\\\/#breadcrumb\",\"itemListElement\":[{\"@type\":\"ListItem\",\"position\":1,\"name\":\"In\u00edcio\",\"item\":\"https:\\\/\\\/chicomazzoni.art.br\\\/\"},{\"@type\":\"ListItem\",\"position\":2,\"name\":\"Pol\u00edtica de Cookies\"}]},{\"@type\":\"WebSite\",\"@id\":\"https:\\\/\\\/chicomazzoni.art.br\\\/#website\",\"url\":\"https:\\\/\\\/chicomazzoni.art.br\\\/\",\"name\":\"Chico Mazzoni\",\"description\":\"Taget\u00f3ria e obras do artista pl\u00e1stico Chico Mazzoni\",\"publisher\":{\"@id\":\"https:\\\/\\\/chicomazzoni.art.br\\\/#\\\/schema\\\/person\\\/72c3570b53807c101ac994d076b9aee3\"},\"potentialAction\":[{\"@type\":\"SearchAction\",\"target\":{\"@type\":\"EntryPoint\",\"urlTemplate\":\"https:\\\/\\\/chicomazzoni.art.br\\\/?s={search_term_string}\"},\"query-input\":{\"@type\":\"PropertyValueSpecification\",\"valueRequired\":true,\"valueName\":\"search_term_string\"}}],\"inLanguage\":\"en-US\"},{\"@type\":[\"Person\",\"Organization\"],\"@id\":\"https:\\\/\\\/chicomazzoni.art.br\\\/#\\\/schema\\\/person\\\/72c3570b53807c101ac994d076b9aee3\",\"name\":\"admin\",\"image\":{\"@type\":\"ImageObject\",\"inLanguage\":\"en-US\",\"@id\":\"https:\\\/\\\/chicomazzoni.art.br\\\/wp-content\\\/uploads\\\/virginia-de-medeiros-640x610-1.jpg\",\"url\":\"https:\\\/\\\/chicomazzoni.art.br\\\/wp-content\\\/uploads\\\/virginia-de-medeiros-640x610-1.jpg\",\"contentUrl\":\"https:\\\/\\\/chicomazzoni.art.br\\\/wp-content\\\/uploads\\\/virginia-de-medeiros-640x610-1.jpg\",\"width\":640,\"height\":610,\"caption\":\"admin\"},\"logo\":{\"@id\":\"https:\\\/\\\/chicomazzoni.art.br\\\/wp-content\\\/uploads\\\/virginia-de-medeiros-640x610-1.jpg\"},\"sameAs\":[\"https:\\\/\\\/chicomazzoni.art.br\"]}]}<\/script>\n<!-- \/ Yoast SEO plugin. -->","yoast_head_json":{"title":"Pol\u00edtica de Cookies - Chico Mazzoni","robots":{"index":"index","follow":"follow","max-snippet":"max-snippet:-1","max-image-preview":"max-image-preview:large","max-video-preview":"max-video-preview:-1"},"canonical":"https:\/\/chicomazzoni.art.br\/en\/politica-de-cookies\/","og_locale":"en_US","og_type":"article","og_title":"Pol\u00edtica de Cookies - Chico Mazzoni","og_description":"Pol\u00edtica de Cookies O que s\u00e3o Cookies Cookies s\u00e3o pequenos arquivos de texto usados para armazenar informa\u00e7\u00f5es. Eles s\u00e3o armazenados em seu dispositivo quando o site \u00e9 carregado em seu navegador. Esses cookies nos ajudam a fazer o site funcionar corretamente, torn\u00e1-lo mais seguro, fornecer uma melhor experi\u00eancia e analisar o que pode ser melhorado. [&hellip;]","og_url":"https:\/\/chicomazzoni.art.br\/en\/politica-de-cookies\/","og_site_name":"Chico Mazzoni","article_modified_time":"2023-04-04T01:47:58+00:00","twitter_card":"summary_large_image","twitter_misc":{"Est. reading time":"2 minutes"},"schema":{"@context":"https:\/\/schema.org","@graph":[{"@type":"WebPage","@id":"https:\/\/chicomazzoni.art.br\/politica-de-cookies\/","url":"https:\/\/chicomazzoni.art.br\/politica-de-cookies\/","name":"Pol\u00edtica de Cookies - Chico Mazzoni","isPartOf":{"@id":"https:\/\/chicomazzoni.art.br\/#website"},"datePublished":"2022-08-13T23:39:34+00:00","dateModified":"2023-04-04T01:47:58+00:00","breadcrumb":{"@id":"https:\/\/chicomazzoni.art.br\/politica-de-cookies\/#breadcrumb"},"inLanguage":"en-US","potentialAction":[{"@type":"ReadAction","target":["https:\/\/chicomazzoni.art.br\/politica-de-cookies\/"]}]},{"@type":"BreadcrumbList","@id":"https:\/\/chicomazzoni.art.br\/politica-de-cookies\/#breadcrumb","itemListElement":[{"@type":"ListItem","position":1,"name":"In\u00edcio","item":"https:\/\/chicomazzoni.art.br\/"},{"@type":"ListItem","position":2,"name":"Pol\u00edtica de Cookies"}]},{"@type":"WebSite","@id":"https:\/\/chicomazzoni.art.br\/#website","url":"https:\/\/chicomazzoni.art.br\/","name":"Chico Mazzoni","description":"Taget\u00f3ria e obras do artista pl\u00e1stico Chico Mazzoni","publisher":{"@id":"https:\/\/chicomazzoni.art.br\/#\/schema\/person\/72c3570b53807c101ac994d076b9aee3"},"potentialAction":[{"@type":"SearchAction","target":{"@type":"EntryPoint","urlTemplate":"https:\/\/chicomazzoni.art.br\/?s={search_term_string}"},"query-input":{"@type":"PropertyValueSpecification","valueRequired":true,"valueName":"search_term_string"}}],"inLanguage":"en-US"},{"@type":["Person","Organization"],"@id":"https:\/\/chicomazzoni.art.br\/#\/schema\/person\/72c3570b53807c101ac994d076b9aee3","name":"admin","image":{"@type":"ImageObject","inLanguage":"en-US","@id":"https:\/\/chicomazzoni.art.br\/wp-content\/uploads\/virginia-de-medeiros-640x610-1.jpg","url":"https:\/\/chicomazzoni.art.br\/wp-content\/uploads\/virginia-de-medeiros-640x610-1.jpg","contentUrl":"https:\/\/chicomazzoni.art.br\/wp-content\/uploads\/virginia-de-medeiros-640x610-1.jpg","width":640,"height":610,"caption":"admin"},"logo":{"@id":"https:\/\/chicomazzoni.art.br\/wp-content\/uploads\/virginia-de-medeiros-640x610-1.jpg"},"sameAs":["https:\/\/chicomazzoni.art.br"]}]}},"_links":{"self":[{"href":"https:\/\/chicomazzoni.art.br\/en\/wp-json\/wp\/v2\/pages\/3","targetHints":{"allow":["GET"]}}],"collection":[{"href":"https:\/\/chicomazzoni.art.br\/en\/wp-json\/wp\/v2\/pages"}],"about":[{"href":"https:\/\/chicomazzoni.art.br\/en\/wp-json\/wp\/v2\/types\/page"}],"author":[{"embeddable":true,"href":"https:\/\/chicomazzoni.art.br\/en\/wp-json\/wp\/v2\/users\/1"}],"replies":[{"embeddable":true,"href":"https:\/\/chicomazzoni.art.br\/en\/wp-json\/wp\/v2\/comments?post=3"}],"version-history":[{"count":4,"href":"https:\/\/chicomazzoni.art.br\/en\/wp-json\/wp\/v2\/pages\/3\/revisions"}],"predecessor-version":[{"id":824,"href":"https:\/\/chicomazzoni.art.br\/en\/wp-json\/wp\/v2\/pages\/3\/revisions\/824"}],"wp:attachment":[{"href":"https:\/\/chicomazzoni.art.br\/en\/wp-json\/wp\/v2\/media?parent=3"}],"curies":[{"name":"wp","href":"https:\/\/api.w.org\/{rel}","templated":true}]}}